{"id":5848,"date":"2025-09-22T14:13:22","date_gmt":"2025-09-22T14:13:22","guid":{"rendered":"https:\/\/indoorbudapest.hu\/?page_id=5848"},"modified":"2025-11-28T08:25:55","modified_gmt":"2025-11-28T08:25:55","slug":"idopontfoglalas","status":"publish","type":"page","link":"https:\/\/indoorbudapest.hu\/en\/idopontfoglalas\/","title":{"rendered":"Booking"},"content":{"rendered":"<div data-elementor-type=\"wp-page\" data-elementor-id=\"5848\" class=\"elementor elementor-5848\" data-elementor-post-type=\"page\">\n\t\t\t\t\t\t<section class=\"elementor-section elementor-top-section elementor-element elementor-element-7acb8c0a elementor-section-height-min-height elementor-section-items-stretch elementor-section-content-middle elementor-reverse-mobile elementor-section-boxed elementor-section-height-default\" data-id=\"7acb8c0a\" data-element_type=\"section\" data-e-type=\"section\" data-settings=\"{&quot;background_background&quot;:&quot;classic&quot;,&quot;background_motion_fx_motion_fx_mouse&quot;:&quot;yes&quot;,&quot;background_motion_fx_mouseTrack_effect&quot;:&quot;yes&quot;,&quot;background_motion_fx_mouseTrack_speed&quot;:{&quot;unit&quot;:&quot;px&quot;,&quot;size&quot;:&quot;0.3&quot;,&quot;sizes&quot;:[]}}\">\n\t\t\t\t\t\t<div class=\"elementor-container elementor-column-gap-default\">\n\t\t\t\t\t<div class=\"elementor-column elementor-col-50 elementor-top-column elementor-element elementor-element-43c0442a\" data-id=\"43c0442a\" data-element_type=\"column\" data-e-type=\"column\">\n\t\t\t<div class=\"elementor-widget-wrap elementor-element-populated\">\n\t\t\t\t\t\t<div class=\"elementor-element elementor-element-3d4d7b7c elementor-widget-tablet__width-initial elementor-widget elementor-widget-heading\" data-id=\"3d4d7b7c\" data-element_type=\"widget\" data-e-type=\"widget\" data-widget_type=\"heading.default\">\n\t\t\t\t\t<h1 class=\"elementor-heading-title elementor-size-default\">Appointment booking<\/h1>\t\t\t\t<\/div>\n\t\t\t\t<div class=\"elementor-element elementor-element-d9f9dc0 elementor-widget elementor-widget-text-editor\" data-id=\"d9f9dc0\" data-element_type=\"widget\" data-e-type=\"widget\" data-widget_type=\"text-editor.default\">\n\t\t\t\t\t\t\t\t\t<p>Access to all three themed rooms<\/p>\t\t\t\t\t\t\t\t<\/div>\n\t\t\t\t<div class=\"elementor-element elementor-element-6601fa2 elementor-align-left elementor-mobile-align-center elementor-tablet-align-center elementor-widget__width-initial elementor-widget-tablet__width-inherit elementor-hidden-desktop elementor-hidden-laptop elementor-hidden-mobile elementor-widget elementor-widget-button\" data-id=\"6601fa2\" data-element_type=\"widget\" data-e-type=\"widget\" data-widget_type=\"button.default\">\n\t\t\t\t\t\t\t\t\t\t<a class=\"elementor-button elementor-button-link elementor-size-md\" href=\"https:\/\/indoorbudapest.hu\/en\/arak-csomagok\/\">\n\t\t\t\t\t\t<span class=\"elementor-button-content-wrapper\">\n\t\t\t\t\t\t\t\t\t<span class=\"elementor-button-text\">important information<\/span>\n\t\t\t\t\t<\/span>\n\t\t\t\t\t<\/a>\n\t\t\t\t\t\t\t\t<\/div>\n\t\t\t\t<div class=\"elementor-element elementor-element-be738e7 elementor-widget-tablet__width-initial elementor-widget elementor-widget-shortcode\" data-id=\"be738e7\" data-element_type=\"widget\" data-e-type=\"widget\" data-widget_type=\"shortcode.default\">\n\t\t\t\t\t\t\t<div class=\"elementor-shortcode\"><div class=\"main-block-w\">\n    <div class=\"appointment-box-wbk\">\n                    <div class=\"appointment-status-wrapper-w\">\n                <ul class=\"appointment-status-list-w\">\n                <\/ul>\n                <div class=\"circle-chart-wbk\" data-circle-color=\"#A705FD\" data-percent=\"25\"><span class=\"circle-chart-text-wbk\"><\/span><\/div>\n\n                <div class=\"appointment-status-text-mobile-wbk\">\n                    <p class=\"current-step-wbk\"><\/p>\n                    <p class=\"next-step-wbk\"><\/p>\n                <\/div>\n            <\/div>\n                <div class=\"appointment-content-wbk\">\n                            <form action=\"\">\n                    <div class=\"appointment-content-scroll-wbk\" data-scrollbar=\"true\" tabindex=\"-1\"\n                        style=\"overflow: hidden; outline: none;\">\n                                                    <div class=\"appointment-content-screen-w appointment-content-screen-active-w\"  data-slug=\"services\" data-title=\"Szolg\u00e1ltat\u00e1sok\" data-request=\"\">\n                                \n<label class=\"input-label-wbk service-label-wbk wbk_hidden\">\n    <\/label>\n<ul class=\"service-list-v5-wbk\">\n\n                        <li class=\"wbk_service_item  timeslot-animation-w wbk_hidden\" data-servicei_id=\"2\">\n                        <label class=\"custom-radiobutton-wbk\">\n                            <span style=\"display:inline-block\">\n                                <span class=\"wbk_single_service_title\">\n                                    Group booking (birthday, team building, class trip)                                <\/span>\n                                <img decoding=\"async\" class=\"wbk_service_sub_img wbk_service_sub_img_clock\" src=\"https:\/\/indoorbudapest.hu\/wp-content\/plugins\/webba-booking\/public\/images\/clock_grey.png\"   height=\" 20\">\n                                <img decoding=\"async\" class=\"wbk_service_sub_img_active wbk_service_sub_img_active_clock\" src=\"https:\/\/indoorbudapest.hu\/wp-content\/plugins\/webba-booking\/public\/images\/clock_white.png\"   height=\" 20\">\n                                <span class=\"wbk_single_service_sub_title wbk_single_service_sub_title_minutes\">\n                                    180 min                                <\/span>\n                                                            <\/span><br>\n                            <input type=\"radio\" data-pricing-rules=\"[]\" data-payable=\"false\" class=\"wbk-input wbk_hidden wbk_services wbk_service_radio\" data-validation=\"positive\"\n                                name=\"service\" value=\"2\"\n                                data-min=\"\"\n                                data-max=\"\"\n                                data-consecutive=\"\">\n                            <span class=\"checkmark-w\">\n                            <\/span>\n                                                    <\/label>\n                    <\/li>\n                                        <li class=\"wbk_service_item  timeslot-animation-w wbk_hidden\" data-servicei_id=\"1\">\n                        <label class=\"custom-radiobutton-wbk\">\n                            <span style=\"display:inline-block\">\n                                <span class=\"wbk_single_service_title\">\n                                    Individual booking                                <\/span>\n                                <img decoding=\"async\" class=\"wbk_service_sub_img wbk_service_sub_img_clock\" src=\"https:\/\/indoorbudapest.hu\/wp-content\/plugins\/webba-booking\/public\/images\/clock_grey.png\"   height=\" 20\">\n                                <img decoding=\"async\" class=\"wbk_service_sub_img_active wbk_service_sub_img_active_clock\" src=\"https:\/\/indoorbudapest.hu\/wp-content\/plugins\/webba-booking\/public\/images\/clock_white.png\"   height=\" 20\">\n                                <span class=\"wbk_single_service_sub_title wbk_single_service_sub_title_minutes\">\n                                    120 min                                <\/span>\n                                                            <\/span><br>\n                            <input type=\"radio\" data-pricing-rules=\"[]\" data-payable=\"false\" class=\"wbk-input wbk_hidden wbk_services wbk_service_radio\" data-validation=\"positive\"\n                                name=\"service\" value=\"1\"\n                                data-min=\"\"\n                                data-max=\"\"\n                                data-consecutive=\"\">\n                            <span class=\"checkmark-w\">\n                            <\/span>\n                                                    <\/label>\n                    <\/li>\n                    <\/ul>                            <\/div>\n                                                        <div class=\"appointment-content-screen-w\"  data-slug=\"date_time\" data-title=\"D\u00e1tum\" data-request=\"wbk_prepare_service_data\">\n                                \n<div class=\"field-row-w wbk_date_picked_row\">\n    <label><\/label>\n    <div class=\"styled-as-select-w\">\n        <input type=\"text\" class=\"input-text-w wbk_date wbk-input\" name=\"date_formated\"\n            placeholder=\"Date\">\n    <\/div>\n    <\/div>\n<label class=\"checkbox-row-w one-row-w mb-30-w mt-30-w wbk_hidden wbk_local_time_switcher wbl_local_time_switcher\">\n    <span class=\"checkbox-custom-w\">\n        <input type=\"checkbox\" class=\"wbk_local_time_checkbox\" value=\"true\" name=\"local_time_switcher\">\n        <span class=\"checkmark-w\"><\/span>\n    <\/span>\n    <span class=\"checkbox-text-w\">\n        <span\n            class=\"checkbox-title-w\">Your local time<\/span>\n    <\/span>\n<\/label>\n\n<div class=\"wbk_limit_info\">\n\n<\/div>\n<ul class=\"details-list-w\">\n<\/ul>\n<select multiple class=\"wbk-input wbk_times wbk_hidden\" data-validation=\"must_have_items\"\n    data-validationmsg=\"Please, select timeslot(s)\"\n    style=\"display:block\" name=\"time\">\n<\/select>\n\n<select multiple class=\"wbk-input wbk_services_final wbk_hidden\" data-validation=\"must_have_items\"\n    data-validationmsg=\"Please, select timeslot(s)\"\n    style=\"display:block\" name=\"services[]\">\n<\/select>                            <\/div>\n                                                        <div class=\"appointment-content-screen-w\"  data-slug=\"form\" data-title=\"Adatok\" data-request=\"wbk_render_booking_form\">\n                                                            <\/div>\n                                                        <div class=\"appointment-content-screen-w\"  data-slug=\"final_screen\" data-title=\"\" data-request=\"wbk_book\">\n                                                            <\/div>\n                            \n                        <div class=\"scrollbar-track scrollbar-track-x show\" style=\"display: none;\">\n                            <div class=\"scrollbar-thumb scrollbar-thumb-x\"\n                                style=\"width: 480px; transform: translate3d(0px, 0px, 0px);\"><\/div>\n                        <\/div>\n                        <div class=\"scrollbar-track scrollbar-track-y show\" style=\"display: none;\">\n                            <div class=\"scrollbar-thumb scrollbar-thumb-y\"\n                                style=\"height: 500px; transform: translate3d(0px, 0px, 0px);\"><\/div>\n                        <\/div>\n                    <\/div><!-- \/.appointent-content-scroll-w -->\n\n                    <div class=\"button-block-wbk two-buttons-wbk\">\n                        <button type=\"button\" class=\"button-wbk button-prev-wbk\">Back<\/button>\n                        <button type=\"button\" class=\"button-wbk button-next-wbk\">Next<span class=\"btn-ring-wbk\"><\/span><\/button>\n                    <\/div><!-- \/.button-block-wbk -->\n                    <div class=\"form-error-w\" style=\"display: none;\">\n                        <img decoding=\"async\" class=\"warning-img-w\" src=\"https:\/\/indoorbudapest.hu\/wp-content\/plugins\/webba-booking\/public\/images\/error-icon.png\" alt=\"error\">\n                        <span class=\"form-error-message-w\"><\/span>\n                    <\/div>\n                <input type=\"hidden\" name=\"trp-form-language\" value=\"en\"\/><\/form>\n                    <\/div><!-- \/.appointment-content-wbk -->\n\n    <\/div>\n<\/div><\/div>\n\t\t\t\t\t\t<\/div>\n\t\t\t\t\t<\/div>\n\t\t<\/div>\n\t\t\t\t<div class=\"elementor-column elementor-col-50 elementor-top-column elementor-element elementor-element-3906c5 elementor-hidden-mobile\" data-id=\"3906c5\" data-element_type=\"column\" data-e-type=\"column\">\n\t\t\t<div class=\"elementor-widget-wrap elementor-element-populated\">\n\t\t\t\t\t\t<div class=\"elementor-element elementor-element-2be4b34c elementor-align-left elementor-mobile-align-center elementor-tablet-align-center elementor-widget__width-initial elementor-hidden-tablet elementor-widget elementor-widget-button\" data-id=\"2be4b34c\" data-element_type=\"widget\" data-e-type=\"widget\" data-widget_type=\"button.default\">\n\t\t\t\t\t\t\t\t\t\t<a class=\"elementor-button elementor-button-link elementor-size-md\" href=\"https:\/\/indoorbudapest.hu\/en\/arak-csomagok\/\">\n\t\t\t\t\t\t<span class=\"elementor-button-content-wrapper\">\n\t\t\t\t\t\t\t\t\t<span class=\"elementor-button-text\">important information<\/span>\n\t\t\t\t\t<\/span>\n\t\t\t\t\t<\/a>\n\t\t\t\t\t\t\t\t<\/div>\n\t\t\t\t\t<\/div>\n\t\t<\/div>\n\t\t\t\t\t<\/div>\n\t\t<\/section>\n\t\t\t\t<\/div>","protected":false},"excerpt":{"rendered":"<p>id\u0151pontfoglal\u00e1s A jeggyel minden p\u00e1ly\u00e1t tudtok haszn\u00e1lni! tov\u00e1bbi inform\u00e1ci\u00f3k tov\u00e1bbi inform\u00e1ci\u00f3k<\/p>","protected":false},"author":7,"featured_media":0,"parent":0,"menu_order":0,"comment_status":"closed","ping_status":"closed","template":"","meta":{"footnotes":""},"class_list":["post-5848","page","type-page","status-publish","hentry"],"yoast_head":"<!-- This site is optimized with the Yoast SEO Premium plugin v27.3 (Yoast SEO v27.3) - https:\/\/yoast.com\/product\/yoast-seo-premium-wordpress\/ -->\n<title>Id\u0151pontfoglal\u00e1s | INDOOR BUDAPEST<\/title>\n<meta name=\"robots\" content=\"index, follow, max-snippet:-1, max-image-preview:large, max-video-preview:-1\" \/>\n<link rel=\"canonical\" href=\"https:\/\/indoorbudapest.hu\/en\/idopontfoglalas\/\" \/>\n<meta property=\"og:locale\" content=\"en_US\" \/>\n<meta property=\"og:type\" content=\"article\" \/>\n<meta property=\"og:title\" content=\"Indoor Budapest Minigolf\" \/>\n<meta property=\"og:description\" content=\"V\u00e1r Budapest legexkluz\u00edvabb minigolf centruma, ahol s\u00f6t\u00e9t termeket \u00e1tfon\u00f3 sz\u00ednes form\u00e1k k\u00f6z\u00f6tt, 3 m\u00e1gikus vil\u00e1gban, 18 lyukkal, foszforeszk\u00e1l\u00f3 labd\u00e1val \u00e9s a golf\u00fct\u0151vel \u00fctheted el az id\u0151t.\" \/>\n<meta property=\"og:url\" content=\"https:\/\/indoorbudapest.hu\/en\/idopontfoglalas\/\" \/>\n<meta property=\"og:site_name\" content=\"INDOOR BUDAPEST\" \/>\n<meta property=\"article:modified_time\" content=\"2025-11-28T08:25:55+00:00\" \/>\n<meta property=\"og:image\" content=\"https:\/\/indoorbudapest.hu\/wp-content\/uploads\/2025\/09\/VRP_49281.webp\" \/>\n\t<meta property=\"og:image:width\" content=\"2560\" \/>\n\t<meta property=\"og:image:height\" content=\"1920\" \/>\n\t<meta property=\"og:image:type\" content=\"image\/webp\" \/>\n<meta name=\"twitter:card\" content=\"summary_large_image\" \/>\n<meta name=\"twitter:label1\" content=\"Est. reading time\" \/>\n\t<meta name=\"twitter:data1\" content=\"1 minute\" \/>\n<script type=\"application\/ld+json\" class=\"yoast-schema-graph\">{\"@context\":\"https:\\\/\\\/schema.org\",\"@graph\":[{\"@type\":\"WebPage\",\"@id\":\"https:\\\/\\\/indoorbudapest.hu\\\/idopontfoglalas\\\/\",\"url\":\"https:\\\/\\\/indoorbudapest.hu\\\/idopontfoglalas\\\/\",\"name\":\"Id\u0151pontfoglal\u00e1s | INDOOR BUDAPEST\",\"isPartOf\":{\"@id\":\"https:\\\/\\\/indoorbudapest.hu\\\/#website\"},\"datePublished\":\"2025-09-22T14:13:22+00:00\",\"dateModified\":\"2025-11-28T08:25:55+00:00\",\"breadcrumb\":{\"@id\":\"https:\\\/\\\/indoorbudapest.hu\\\/idopontfoglalas\\\/#breadcrumb\"},\"inLanguage\":\"en-US\",\"potentialAction\":[{\"@type\":\"ReadAction\",\"target\":[\"https:\\\/\\\/indoorbudapest.hu\\\/idopontfoglalas\\\/\"]}]},{\"@type\":\"BreadcrumbList\",\"@id\":\"https:\\\/\\\/indoorbudapest.hu\\\/idopontfoglalas\\\/#breadcrumb\",\"itemListElement\":[{\"@type\":\"ListItem\",\"position\":1,\"name\":\"Home\",\"item\":\"https:\\\/\\\/indoorbudapest.hu\\\/\"},{\"@type\":\"ListItem\",\"position\":2,\"name\":\"Id\u0151pontfoglal\u00e1s\"}]},{\"@type\":\"WebSite\",\"@id\":\"https:\\\/\\\/indoorbudapest.hu\\\/#website\",\"url\":\"https:\\\/\\\/indoorbudapest.hu\\\/\",\"name\":\"INDOOR BUDAPEST\",\"description\":\"Fun in the Dark\",\"publisher\":{\"@id\":\"https:\\\/\\\/indoorbudapest.hu\\\/#organization\"},\"potentialAction\":[{\"@type\":\"SearchAction\",\"target\":{\"@type\":\"EntryPoint\",\"urlTemplate\":\"https:\\\/\\\/indoorbudapest.hu\\\/?s={search_term_string}\"},\"query-input\":{\"@type\":\"PropertyValueSpecification\",\"valueRequired\":true,\"valueName\":\"search_term_string\"}}],\"inLanguage\":\"en-US\"},{\"@type\":\"Organization\",\"@id\":\"https:\\\/\\\/indoorbudapest.hu\\\/#organization\",\"name\":\"INDOOR Budapest\",\"url\":\"https:\\\/\\\/indoorbudapest.hu\\\/\",\"logo\":{\"@type\":\"ImageObject\",\"inLanguage\":\"en-US\",\"@id\":\"https:\\\/\\\/indoorbudapest.hu\\\/#\\\/schema\\\/logo\\\/image\\\/\",\"url\":\"https:\\\/\\\/indoorbudapest.hu\\\/wp-content\\\/uploads\\\/2019\\\/11\\\/cropped-indoorlogo-1-1.png\",\"contentUrl\":\"https:\\\/\\\/indoorbudapest.hu\\\/wp-content\\\/uploads\\\/2019\\\/11\\\/cropped-indoorlogo-1-1.png\",\"width\":3333,\"height\":1107,\"caption\":\"INDOOR Budapest\"},\"image\":{\"@id\":\"https:\\\/\\\/indoorbudapest.hu\\\/#\\\/schema\\\/logo\\\/image\\\/\"}}]}<\/script>\n<!-- \/ Yoast SEO Premium plugin. -->","yoast_head_json":{"title":"Id\u0151pontfoglal\u00e1s | INDOOR BUDAPEST","robots":{"index":"index","follow":"follow","max-snippet":"max-snippet:-1","max-image-preview":"max-image-preview:large","max-video-preview":"max-video-preview:-1"},"canonical":"https:\/\/indoorbudapest.hu\/en\/idopontfoglalas\/","og_locale":"en_US","og_type":"article","og_title":"Indoor Budapest Minigolf","og_description":"V\u00e1r Budapest legexkluz\u00edvabb minigolf centruma, ahol s\u00f6t\u00e9t termeket \u00e1tfon\u00f3 sz\u00ednes form\u00e1k k\u00f6z\u00f6tt, 3 m\u00e1gikus vil\u00e1gban, 18 lyukkal, foszforeszk\u00e1l\u00f3 labd\u00e1val \u00e9s a golf\u00fct\u0151vel \u00fctheted el az id\u0151t.","og_url":"https:\/\/indoorbudapest.hu\/en\/idopontfoglalas\/","og_site_name":"INDOOR BUDAPEST","article_modified_time":"2025-11-28T08:25:55+00:00","og_image":[{"width":2560,"height":1920,"url":"https:\/\/indoorbudapest.hu\/wp-content\/uploads\/2025\/09\/VRP_49281.webp","type":"image\/webp"}],"twitter_card":"summary_large_image","twitter_misc":{"Est. reading time":"1 minute"},"schema":{"@context":"https:\/\/schema.org","@graph":[{"@type":"WebPage","@id":"https:\/\/indoorbudapest.hu\/idopontfoglalas\/","url":"https:\/\/indoorbudapest.hu\/idopontfoglalas\/","name":"Id\u0151pontfoglal\u00e1s | INDOOR BUDAPEST","isPartOf":{"@id":"https:\/\/indoorbudapest.hu\/#website"},"datePublished":"2025-09-22T14:13:22+00:00","dateModified":"2025-11-28T08:25:55+00:00","breadcrumb":{"@id":"https:\/\/indoorbudapest.hu\/idopontfoglalas\/#breadcrumb"},"inLanguage":"en-US","potentialAction":[{"@type":"ReadAction","target":["https:\/\/indoorbudapest.hu\/idopontfoglalas\/"]}]},{"@type":"BreadcrumbList","@id":"https:\/\/indoorbudapest.hu\/idopontfoglalas\/#breadcrumb","itemListElement":[{"@type":"ListItem","position":1,"name":"Home","item":"https:\/\/indoorbudapest.hu\/"},{"@type":"ListItem","position":2,"name":"Id\u0151pontfoglal\u00e1s"}]},{"@type":"WebSite","@id":"https:\/\/indoorbudapest.hu\/#website","url":"https:\/\/indoorbudapest.hu\/","name":"INDOOR BUDAPEST","description":"Fun in the Dark","publisher":{"@id":"https:\/\/indoorbudapest.hu\/#organization"},"potentialAction":[{"@type":"SearchAction","target":{"@type":"EntryPoint","urlTemplate":"https:\/\/indoorbudapest.hu\/?s={search_term_string}"},"query-input":{"@type":"PropertyValueSpecification","valueRequired":true,"valueName":"search_term_string"}}],"inLanguage":"en-US"},{"@type":"Organization","@id":"https:\/\/indoorbudapest.hu\/#organization","name":"INDOOR Budapest","url":"https:\/\/indoorbudapest.hu\/","logo":{"@type":"ImageObject","inLanguage":"en-US","@id":"https:\/\/indoorbudapest.hu\/#\/schema\/logo\/image\/","url":"https:\/\/indoorbudapest.hu\/wp-content\/uploads\/2019\/11\/cropped-indoorlogo-1-1.png","contentUrl":"https:\/\/indoorbudapest.hu\/wp-content\/uploads\/2019\/11\/cropped-indoorlogo-1-1.png","width":3333,"height":1107,"caption":"INDOOR Budapest"},"image":{"@id":"https:\/\/indoorbudapest.hu\/#\/schema\/logo\/image\/"}}]}},"_links":{"self":[{"href":"https:\/\/indoorbudapest.hu\/en\/wp-json\/wp\/v2\/pages\/5848","targetHints":{"allow":["GET"]}}],"collection":[{"href":"https:\/\/indoorbudapest.hu\/en\/wp-json\/wp\/v2\/pages"}],"about":[{"href":"https:\/\/indoorbudapest.hu\/en\/wp-json\/wp\/v2\/types\/page"}],"author":[{"embeddable":true,"href":"https:\/\/indoorbudapest.hu\/en\/wp-json\/wp\/v2\/users\/7"}],"replies":[{"embeddable":true,"href":"https:\/\/indoorbudapest.hu\/en\/wp-json\/wp\/v2\/comments?post=5848"}],"version-history":[{"count":0,"href":"https:\/\/indoorbudapest.hu\/en\/wp-json\/wp\/v2\/pages\/5848\/revisions"}],"wp:attachment":[{"href":"https:\/\/indoorbudapest.hu\/en\/wp-json\/wp\/v2\/media?parent=5848"}],"curies":[{"name":"wp","href":"https:\/\/api.w.org\/{rel}","templated":true}]}}