{"id":5741,"date":"2025-09-22T13:45:34","date_gmt":"2025-09-22T13:45:34","guid":{"rendered":"https:\/\/indoorbudapest.hu\/?page_id=5741"},"modified":"2025-09-22T18:12:34","modified_gmt":"2025-09-22T18:12:34","slug":"impresszum","status":"publish","type":"page","link":"https:\/\/indoorbudapest.hu\/en\/impresszum\/","title":{"rendered":"imprint"},"content":{"rendered":"\t\t<div data-elementor-type=\"wp-page\" data-elementor-id=\"5741\" class=\"elementor elementor-5741\" data-elementor-post-type=\"page\">\n\t\t\t\t\t\t<section class=\"elementor-section elementor-top-section elementor-element elementor-element-409785bf elementor-section-height-min-height elementor-section-items-stretch elementor-section-content-middle elementor-reverse-mobile elementor-reverse-tablet elementor-section-boxed elementor-section-height-default\" data-id=\"409785bf\" data-element_type=\"section\" data-e-type=\"section\" data-settings=\"{&quot;background_background&quot;:&quot;classic&quot;,&quot;background_motion_fx_motion_fx_mouse&quot;:&quot;yes&quot;,&quot;background_motion_fx_mouseTrack_effect&quot;:&quot;yes&quot;,&quot;background_motion_fx_mouseTrack_speed&quot;:{&quot;unit&quot;:&quot;px&quot;,&quot;size&quot;:&quot;0.3&quot;,&quot;sizes&quot;:[]}}\">\n\t\t\t\t\t\t<div class=\"elementor-container elementor-column-gap-default\">\n\t\t\t\t\t<div class=\"elementor-column elementor-col-50 elementor-top-column elementor-element elementor-element-3cfe88f\" data-id=\"3cfe88f\" data-element_type=\"column\" data-e-type=\"column\">\n\t\t\t<div class=\"elementor-widget-wrap elementor-element-populated\">\n\t\t\t\t\t\t<div class=\"elementor-element elementor-element-dcc5c63 elementor-widget elementor-widget-heading\" data-id=\"dcc5c63\" data-element_type=\"widget\" data-e-type=\"widget\" data-widget_type=\"heading.default\">\n\t\t\t\t\t<h1 class=\"elementor-heading-title elementor-size-default\">impresszum<\/h1>\t\t\t\t<\/div>\n\t\t\t\t<div class=\"elementor-element elementor-element-4d6f0b6d elementor-widget elementor-widget-text-editor\" data-id=\"4d6f0b6d\" data-element_type=\"widget\" data-e-type=\"widget\" data-widget_type=\"text-editor.default\">\n\t\t\t\t\t\t\t\t\t<p>\u00dczemeltet\u0151 neve: Indoor-team Kft.<\/p><p>\u00dczemeltet\u0151 c\u00edme: 1061 Budapest, Paulay Ede u. 3.<\/p><p>ad\u00f3sz\u00e1m: 27059887-2-42<\/p><p>C\u00e9gjegyz\u00e9ksz\u00e1m: 01-09-347212<\/p><p>K\u00e9pviseli: R\u00e1cz D\u00e1vid \u00fcgyvezet\u0151<\/p><p>telefon: +36 70 940 0753<\/p><p>e-mail: info@indoorbudapest.hu<\/p><p>a weboldal t\u00e1rhelyszolg\u00e1ltat\u00f3j\u00e1nak neve: NetMasters Kft.<\/p><p>a weboldal t\u00e1rhelyszolg\u00e1ltat\u00f3j\u00e1nak el\u00e9rhet\u0151s\u00e9ge:<\/p><p>C\u00edm: 1105 Budapest, Cserkesz u. 32.<br \/>Mobil: +36 30 923 4646<br \/>Fax: +36 1 700 2727<br \/>Email: szia@netmasters.hu<\/p>\t\t\t\t\t\t\t\t<\/div>\n\t\t\t\t<div class=\"elementor-element elementor-element-6d863c8f elementor-align-left elementor-mobile-align-center elementor-tablet-align-center elementor-widget elementor-widget-button\" data-id=\"6d863c8f\" data-element_type=\"widget\" data-e-type=\"widget\" data-widget_type=\"button.default\">\n\t\t\t\t\t\t\t\t\t\t<a class=\"elementor-button elementor-button-link elementor-size-md\" href=\"https:\/\/indoorbudapest.hu\/indoorbudapest\">\n\t\t\t\t\t\t<span class=\"elementor-button-content-wrapper\">\n\t\t\t\t\t\t\t\t\t<span class=\"elementor-button-text\">vissza a f\u0151oldalra<\/span>\n\t\t\t\t\t<\/span>\n\t\t\t\t\t<\/a>\n\t\t\t\t\t\t\t\t<\/div>\n\t\t\t\t\t<\/div>\n\t\t<\/div>\n\t\t\t\t<div class=\"elementor-column elementor-col-50 elementor-top-column elementor-element elementor-element-3980df3b\" data-id=\"3980df3b\" data-element_type=\"column\" data-e-type=\"column\">\n\t\t\t<div class=\"elementor-widget-wrap elementor-element-populated\">\n\t\t\t\t\t\t<div class=\"elementor-element elementor-element-1450fb76 elementor-widget elementor-widget-image\" data-id=\"1450fb76\" data-element_type=\"widget\" data-e-type=\"widget\" data-settings=\"{&quot;motion_fx_motion_fx_mouse&quot;:&quot;yes&quot;,&quot;motion_fx_tilt_effect&quot;:&quot;yes&quot;,&quot;motion_fx_tilt_speed&quot;:{&quot;unit&quot;:&quot;px&quot;,&quot;size&quot;:&quot;1&quot;,&quot;sizes&quot;:[]},&quot;motion_fx_motion_fx_scrolling&quot;:&quot;yes&quot;,&quot;motion_fx_translateX_effect&quot;:&quot;yes&quot;,&quot;motion_fx_translateX_direction&quot;:&quot;negative&quot;,&quot;motion_fx_translateX_speed&quot;:{&quot;unit&quot;:&quot;px&quot;,&quot;size&quot;:&quot;2&quot;,&quot;sizes&quot;:[]},&quot;motion_fx_devices&quot;:[&quot;desktop&quot;,&quot;tablet&quot;],&quot;motion_fx_translateX_affectedRange&quot;:{&quot;unit&quot;:&quot;%&quot;,&quot;size&quot;:&quot;&quot;,&quot;sizes&quot;:{&quot;start&quot;:0,&quot;end&quot;:100}}}\" data-widget_type=\"image.default\">\n\t\t\t\t\t\t\t\t\t\t\t\t\t\t\t<img fetchpriority=\"high\" decoding=\"async\" width=\"792\" height=\"953\" src=\"https:\/\/indoorbudapest.hu\/wp-content\/uploads\/2025\/09\/Nevtelen-terv-23.webp\" class=\"attachment-large size-large wp-image-5651\" alt=\"\" srcset=\"https:\/\/indoorbudapest.hu\/wp-content\/uploads\/2025\/09\/Nevtelen-terv-23.webp 792w, https:\/\/indoorbudapest.hu\/wp-content\/uploads\/2025\/09\/Nevtelen-terv-23-582x700.webp 582w, https:\/\/indoorbudapest.hu\/wp-content\/uploads\/2025\/09\/Nevtelen-terv-23-768x924.webp 768w, https:\/\/indoorbudapest.hu\/wp-content\/uploads\/2025\/09\/Nevtelen-terv-23-10x12.webp 10w\" sizes=\"(max-width: 792px) 100vw, 792px\" \/>\t\t\t\t\t\t\t\t\t\t\t\t\t\t\t<\/div>\n\t\t\t\t\t<\/div>\n\t\t<\/div>\n\t\t\t\t\t<\/div>\n\t\t<\/section>\n\t\t\t\t<\/div>\n\t\t","protected":false},"excerpt":{"rendered":"<p>impresszum \u00dczemeltet\u0151 neve: Indoor-team Kft. \u00dczemeltet\u0151 c\u00edme: 1061 Budapest, Paulay Ede u. 3. ad\u00f3sz\u00e1m: 27059887-2-42 C\u00e9gjegyz\u00e9ksz\u00e1m: 01-09-347212 K\u00e9pviseli: R\u00e1cz D\u00e1vid \u00fcgyvezet\u0151 telefon: +36 70 940 0753 e-mail: info@indoorbudapest.hu a weboldal t\u00e1rhelyszolg\u00e1ltat\u00f3j\u00e1nak neve: NetMasters Kft. a weboldal t\u00e1rhelyszolg\u00e1ltat\u00f3j\u00e1nak el\u00e9rhet\u0151s\u00e9ge: C\u00edm: 1105 Budapest, Cserkesz u. 32.Mobil: +36 30 923 4646Fax: +36 1 700 2727Email: szia@netmasters.hu vissza a [&hellip;]<\/p>\n","protected":false},"author":7,"featured_media":0,"parent":0,"menu_order":0,"comment_status":"closed","ping_status":"closed","template":"","meta":{"footnotes":""},"class_list":["post-5741","page","type-page","status-publish","hentry"],"yoast_head":"<!-- This site is optimized with the Yoast SEO Premium plugin v27.3 (Yoast SEO v27.3) - https:\/\/yoast.com\/product\/yoast-seo-premium-wordpress\/ -->\n<title>Impresszum | INDOOR BUDAPEST<\/title>\n<meta name=\"robots\" content=\"index, follow, max-snippet:-1, max-image-preview:large, max-video-preview:-1\" \/>\n<link rel=\"canonical\" href=\"https:\/\/indoorbudapest.hu\/en\/impresszum\/\" \/>\n<meta property=\"og:locale\" content=\"en_US\" \/>\n<meta property=\"og:type\" content=\"article\" \/>\n<meta property=\"og:title\" content=\"Indoor Budapest Minigolf\" \/>\n<meta property=\"og:description\" content=\"V\u00e1r Budapest legexkluz\u00edvabb minigolf centruma, ahol s\u00f6t\u00e9t termeket \u00e1tfon\u00f3 sz\u00ednes form\u00e1k k\u00f6z\u00f6tt, 3 m\u00e1gikus vil\u00e1gban, 18 lyukkal, foszforeszk\u00e1l\u00f3 labd\u00e1val \u00e9s a golf\u00fct\u0151vel \u00fctheted el az id\u0151t.\" \/>\n<meta property=\"og:url\" content=\"https:\/\/indoorbudapest.hu\/en\/impresszum\/\" \/>\n<meta property=\"og:site_name\" content=\"INDOOR BUDAPEST\" \/>\n<meta property=\"article:modified_time\" content=\"2025-09-22T18:12:34+00:00\" \/>\n<meta property=\"og:image\" content=\"https:\/\/indoorbudapest.hu\/wp-content\/uploads\/2025\/09\/Nevtelen-terv-23.webp\" \/>\n\t<meta property=\"og:image:width\" content=\"792\" \/>\n\t<meta property=\"og:image:height\" content=\"953\" \/>\n\t<meta property=\"og:image:type\" content=\"image\/webp\" \/>\n<meta name=\"twitter:card\" content=\"summary_large_image\" \/>\n<meta name=\"twitter:label1\" content=\"Est. reading time\" \/>\n\t<meta name=\"twitter:data1\" content=\"1 minute\" \/>\n<script type=\"application\/ld+json\" class=\"yoast-schema-graph\">{\"@context\":\"https:\\\/\\\/schema.org\",\"@graph\":[{\"@type\":\"WebPage\",\"@id\":\"https:\\\/\\\/indoorbudapest.hu\\\/impresszum\\\/\",\"url\":\"https:\\\/\\\/indoorbudapest.hu\\\/impresszum\\\/\",\"name\":\"Impresszum | INDOOR BUDAPEST\",\"isPartOf\":{\"@id\":\"https:\\\/\\\/indoorbudapest.hu\\\/#website\"},\"primaryImageOfPage\":{\"@id\":\"https:\\\/\\\/indoorbudapest.hu\\\/impresszum\\\/#primaryimage\"},\"image\":{\"@id\":\"https:\\\/\\\/indoorbudapest.hu\\\/impresszum\\\/#primaryimage\"},\"thumbnailUrl\":\"https:\\\/\\\/indoorbudapest.hu\\\/wp-content\\\/uploads\\\/2025\\\/09\\\/Nevtelen-terv-23.webp\",\"datePublished\":\"2025-09-22T13:45:34+00:00\",\"dateModified\":\"2025-09-22T18:12:34+00:00\",\"breadcrumb\":{\"@id\":\"https:\\\/\\\/indoorbudapest.hu\\\/impresszum\\\/#breadcrumb\"},\"inLanguage\":\"en-US\",\"potentialAction\":[{\"@type\":\"ReadAction\",\"target\":[\"https:\\\/\\\/indoorbudapest.hu\\\/impresszum\\\/\"]}]},{\"@type\":\"ImageObject\",\"inLanguage\":\"en-US\",\"@id\":\"https:\\\/\\\/indoorbudapest.hu\\\/impresszum\\\/#primaryimage\",\"url\":\"https:\\\/\\\/indoorbudapest.hu\\\/wp-content\\\/uploads\\\/2025\\\/09\\\/Nevtelen-terv-23.webp\",\"contentUrl\":\"https:\\\/\\\/indoorbudapest.hu\\\/wp-content\\\/uploads\\\/2025\\\/09\\\/Nevtelen-terv-23.webp\"},{\"@type\":\"BreadcrumbList\",\"@id\":\"https:\\\/\\\/indoorbudapest.hu\\\/impresszum\\\/#breadcrumb\",\"itemListElement\":[{\"@type\":\"ListItem\",\"position\":1,\"name\":\"Home\",\"item\":\"https:\\\/\\\/indoorbudapest.hu\\\/\"},{\"@type\":\"ListItem\",\"position\":2,\"name\":\"Impresszum\"}]},{\"@type\":\"WebSite\",\"@id\":\"https:\\\/\\\/indoorbudapest.hu\\\/#website\",\"url\":\"https:\\\/\\\/indoorbudapest.hu\\\/\",\"name\":\"INDOOR BUDAPEST\",\"description\":\"Fun in the Dark\",\"publisher\":{\"@id\":\"https:\\\/\\\/indoorbudapest.hu\\\/#organization\"},\"potentialAction\":[{\"@type\":\"SearchAction\",\"target\":{\"@type\":\"EntryPoint\",\"urlTemplate\":\"https:\\\/\\\/indoorbudapest.hu\\\/?s={search_term_string}\"},\"query-input\":{\"@type\":\"PropertyValueSpecification\",\"valueRequired\":true,\"valueName\":\"search_term_string\"}}],\"inLanguage\":\"en-US\"},{\"@type\":\"Organization\",\"@id\":\"https:\\\/\\\/indoorbudapest.hu\\\/#organization\",\"name\":\"INDOOR Budapest\",\"url\":\"https:\\\/\\\/indoorbudapest.hu\\\/\",\"logo\":{\"@type\":\"ImageObject\",\"inLanguage\":\"en-US\",\"@id\":\"https:\\\/\\\/indoorbudapest.hu\\\/#\\\/schema\\\/logo\\\/image\\\/\",\"url\":\"https:\\\/\\\/indoorbudapest.hu\\\/wp-content\\\/uploads\\\/2019\\\/11\\\/cropped-indoorlogo-1-1.png\",\"contentUrl\":\"https:\\\/\\\/indoorbudapest.hu\\\/wp-content\\\/uploads\\\/2019\\\/11\\\/cropped-indoorlogo-1-1.png\",\"width\":3333,\"height\":1107,\"caption\":\"INDOOR Budapest\"},\"image\":{\"@id\":\"https:\\\/\\\/indoorbudapest.hu\\\/#\\\/schema\\\/logo\\\/image\\\/\"}}]}<\/script>\n<!-- \/ Yoast SEO Premium plugin. -->","yoast_head_json":{"title":"Impresszum | INDOOR BUDAPEST","robots":{"index":"index","follow":"follow","max-snippet":"max-snippet:-1","max-image-preview":"max-image-preview:large","max-video-preview":"max-video-preview:-1"},"canonical":"https:\/\/indoorbudapest.hu\/en\/impresszum\/","og_locale":"en_US","og_type":"article","og_title":"Indoor Budapest Minigolf","og_description":"V\u00e1r Budapest legexkluz\u00edvabb minigolf centruma, ahol s\u00f6t\u00e9t termeket \u00e1tfon\u00f3 sz\u00ednes form\u00e1k k\u00f6z\u00f6tt, 3 m\u00e1gikus vil\u00e1gban, 18 lyukkal, foszforeszk\u00e1l\u00f3 labd\u00e1val \u00e9s a golf\u00fct\u0151vel \u00fctheted el az id\u0151t.","og_url":"https:\/\/indoorbudapest.hu\/en\/impresszum\/","og_site_name":"INDOOR BUDAPEST","article_modified_time":"2025-09-22T18:12:34+00:00","og_image":[{"width":792,"height":953,"url":"https:\/\/indoorbudapest.hu\/wp-content\/uploads\/2025\/09\/Nevtelen-terv-23.webp","type":"image\/webp"}],"twitter_card":"summary_large_image","twitter_misc":{"Est. reading time":"1 minute"},"schema":{"@context":"https:\/\/schema.org","@graph":[{"@type":"WebPage","@id":"https:\/\/indoorbudapest.hu\/impresszum\/","url":"https:\/\/indoorbudapest.hu\/impresszum\/","name":"Impresszum | INDOOR BUDAPEST","isPartOf":{"@id":"https:\/\/indoorbudapest.hu\/#website"},"primaryImageOfPage":{"@id":"https:\/\/indoorbudapest.hu\/impresszum\/#primaryimage"},"image":{"@id":"https:\/\/indoorbudapest.hu\/impresszum\/#primaryimage"},"thumbnailUrl":"https:\/\/indoorbudapest.hu\/wp-content\/uploads\/2025\/09\/Nevtelen-terv-23.webp","datePublished":"2025-09-22T13:45:34+00:00","dateModified":"2025-09-22T18:12:34+00:00","breadcrumb":{"@id":"https:\/\/indoorbudapest.hu\/impresszum\/#breadcrumb"},"inLanguage":"en-US","potentialAction":[{"@type":"ReadAction","target":["https:\/\/indoorbudapest.hu\/impresszum\/"]}]},{"@type":"ImageObject","inLanguage":"en-US","@id":"https:\/\/indoorbudapest.hu\/impresszum\/#primaryimage","url":"https:\/\/indoorbudapest.hu\/wp-content\/uploads\/2025\/09\/Nevtelen-terv-23.webp","contentUrl":"https:\/\/indoorbudapest.hu\/wp-content\/uploads\/2025\/09\/Nevtelen-terv-23.webp"},{"@type":"BreadcrumbList","@id":"https:\/\/indoorbudapest.hu\/impresszum\/#breadcrumb","itemListElement":[{"@type":"ListItem","position":1,"name":"Home","item":"https:\/\/indoorbudapest.hu\/"},{"@type":"ListItem","position":2,"name":"Impresszum"}]},{"@type":"WebSite","@id":"https:\/\/indoorbudapest.hu\/#website","url":"https:\/\/indoorbudapest.hu\/","name":"INDOOR BUDAPEST","description":"Fun in the Dark","publisher":{"@id":"https:\/\/indoorbudapest.hu\/#organization"},"potentialAction":[{"@type":"SearchAction","target":{"@type":"EntryPoint","urlTemplate":"https:\/\/indoorbudapest.hu\/?s={search_term_string}"},"query-input":{"@type":"PropertyValueSpecification","valueRequired":true,"valueName":"search_term_string"}}],"inLanguage":"en-US"},{"@type":"Organization","@id":"https:\/\/indoorbudapest.hu\/#organization","name":"INDOOR Budapest","url":"https:\/\/indoorbudapest.hu\/","logo":{"@type":"ImageObject","inLanguage":"en-US","@id":"https:\/\/indoorbudapest.hu\/#\/schema\/logo\/image\/","url":"https:\/\/indoorbudapest.hu\/wp-content\/uploads\/2019\/11\/cropped-indoorlogo-1-1.png","contentUrl":"https:\/\/indoorbudapest.hu\/wp-content\/uploads\/2019\/11\/cropped-indoorlogo-1-1.png","width":3333,"height":1107,"caption":"INDOOR Budapest"},"image":{"@id":"https:\/\/indoorbudapest.hu\/#\/schema\/logo\/image\/"}}]}},"_links":{"self":[{"href":"https:\/\/indoorbudapest.hu\/en\/wp-json\/wp\/v2\/pages\/5741","targetHints":{"allow":["GET"]}}],"collection":[{"href":"https:\/\/indoorbudapest.hu\/en\/wp-json\/wp\/v2\/pages"}],"about":[{"href":"https:\/\/indoorbudapest.hu\/en\/wp-json\/wp\/v2\/types\/page"}],"author":[{"embeddable":true,"href":"https:\/\/indoorbudapest.hu\/en\/wp-json\/wp\/v2\/users\/7"}],"replies":[{"embeddable":true,"href":"https:\/\/indoorbudapest.hu\/en\/wp-json\/wp\/v2\/comments?post=5741"}],"version-history":[{"count":0,"href":"https:\/\/indoorbudapest.hu\/en\/wp-json\/wp\/v2\/pages\/5741\/revisions"}],"wp:attachment":[{"href":"https:\/\/indoorbudapest.hu\/en\/wp-json\/wp\/v2\/media?parent=5741"}],"curies":[{"name":"wp","href":"https:\/\/api.w.org\/{rel}","templated":true}]}}