{"id":5195,"date":"2024-05-03T15:55:20","date_gmt":"2024-05-03T15:55:20","guid":{"rendered":"https:\/\/indoorbudapest.hu\/?page_id=5195"},"modified":"2026-01-05T11:17:21","modified_gmt":"2026-01-05T11:17:21","slug":"aszf","status":"publish","type":"page","link":"https:\/\/indoorbudapest.hu\/en\/aszf\/","title":{"rendered":"GTC (HU)"},"content":{"rendered":"<div data-elementor-type=\"wp-page\" data-elementor-id=\"5195\" class=\"elementor elementor-5195\" data-elementor-post-type=\"page\">\n\t\t\t\t\t\t<section class=\"elementor-section elementor-top-section elementor-element elementor-element-42711a1f elementor-section-content-middle elementor-reverse-mobile elementor-reverse-tablet elementor-section-boxed elementor-section-height-default elementor-section-height-default\" data-id=\"42711a1f\" data-element_type=\"section\" data-e-type=\"section\" data-settings=\"{&quot;background_background&quot;:&quot;classic&quot;,&quot;background_motion_fx_motion_fx_mouse&quot;:&quot;yes&quot;,&quot;background_motion_fx_mouseTrack_effect&quot;:&quot;yes&quot;,&quot;background_motion_fx_mouseTrack_speed&quot;:{&quot;unit&quot;:&quot;px&quot;,&quot;size&quot;:&quot;0.3&quot;,&quot;sizes&quot;:[]}}\">\n\t\t\t\t\t\t<div class=\"elementor-container elementor-column-gap-default\">\n\t\t\t\t\t<div class=\"elementor-column elementor-col-100 elementor-top-column elementor-element elementor-element-707edca3\" data-id=\"707edca3\" data-element_type=\"column\" data-e-type=\"column\">\n\t\t\t<div class=\"elementor-widget-wrap elementor-element-populated\">\n\t\t\t\t\t\t<div class=\"elementor-element elementor-element-5d1bcd6d elementor-widget elementor-widget-heading\" data-id=\"5d1bcd6d\" data-element_type=\"widget\" data-e-type=\"widget\" data-widget_type=\"heading.default\">\n\t\t\t\t\t<h1 class=\"elementor-heading-title elementor-size-default\">\u00e1ltal\u00e1nos szerz\u0151d\u00e9ses felt\u00e9telek<\/h1>\t\t\t\t<\/div>\n\t\t\t\t\t<\/div>\n\t\t<\/div>\n\t\t\t\t\t<\/div>\n\t\t<\/section>\n\t\t\t\t<section class=\"elementor-section elementor-top-section elementor-element elementor-element-67bb397e elementor-section-height-min-height elementor-section-boxed elementor-section-height-default elementor-section-items-middle\" data-id=\"67bb397e\" data-element_type=\"section\" data-e-type=\"section\" data-settings=\"{&quot;background_background&quot;:&quot;classic&quot;}\">\n\t\t\t\t\t\t<div class=\"elementor-container elementor-column-gap-default\">\n\t\t\t\t\t<div class=\"elementor-column elementor-col-100 elementor-top-column elementor-element elementor-element-20f067f6\" data-id=\"20f067f6\" data-element_type=\"column\" data-e-type=\"column\">\n\t\t\t<div class=\"elementor-widget-wrap elementor-element-populated\">\n\t\t\t\t\t\t<section class=\"elementor-section elementor-inner-section elementor-element elementor-element-2432ab09 elementor-section-full_width elementor-section-height-min-height elementor-section-height-default\" data-id=\"2432ab09\" data-element_type=\"section\" data-e-type=\"section\">\n\t\t\t\t\t\t<div class=\"elementor-container elementor-column-gap-no\">\n\t\t\t\t\t<div class=\"elementor-column elementor-col-100 elementor-inner-column elementor-element elementor-element-52dad1c4\" data-id=\"52dad1c4\" data-element_type=\"column\" data-e-type=\"column\">\n\t\t\t<div class=\"elementor-widget-wrap elementor-element-populated\">\n\t\t\t\t\t\t<div class=\"elementor-element elementor-element-1d9347b0 elementor-widget-divider--view-line elementor-widget elementor-widget-divider\" data-id=\"1d9347b0\" data-element_type=\"widget\" data-e-type=\"widget\" data-widget_type=\"divider.default\">\n\t\t\t\t\t\t\t<div class=\"elementor-divider\">\n\t\t\t<span class=\"elementor-divider-separator\">\n\t\t\t\t\t\t<\/span>\n\t\t<\/div>\n\t\t\t\t\t\t<\/div>\n\t\t\t\t<div class=\"elementor-element elementor-element-33cb4fc4 elementor-widget elementor-widget-text-editor\" data-id=\"33cb4fc4\" data-element_type=\"widget\" data-e-type=\"widget\" data-widget_type=\"text-editor.default\">\n\t\t\t\t\t\t\t\t\t<p class=\"translation-block\">TERMS AND CONDITIONS<br \/>\nWith the purchase of the ticket you agree to comply with the following terms and conditions.\nOur place is open Tuesday-Friday from 14:00 to 22:00 and Saturday-Sunday from 10:00 to 22:00, which may vary depending on seasonality and private events. Visitors of INDOOR accept these House Rules by purchasing a ticket and\/or entering the area.<\/p><p>1. Az INDOOR sz\u00f3rakoztat\u00f3 k\u00f6zpontot 12 \u00e9v felettiek l\u00e1togathatj\u00e1k.<br \/>2. Az INDOOR k\u00f6zpontban egyszerre maximum 100 f\u0151 tart\u00f3zkodhat.<br \/>3. Az INDOOR eg\u00e9sz ter\u00fclet\u00e9n a doh\u00e1nyz\u00e1s szigor\u00faan TILOS!<br \/>4. Az INDOOR ter\u00fclet\u00e9re \u00e1llatokat behozni szigor\u00faan TILOS!<br \/>5. A ter\u00fcletre \u00e9les, sz\u00far\u00f3, illetve f\u00e9m \u00e9s \u00fcveg t\u00e1rgyakat, \u00e9s egy\u00e9b s\u00e9r\u00fcl\u00e9st<br \/>okoz\u00f3 t\u00e1rgyakat bevinni TILOS!<br \/>6. Az INDOOR ter\u00fclet\u00e9re \u00e9telt \u00e9s italt behozni TILOS! \u00c9tel \u00e9s ital v\u00e1s\u00e1rl\u00e1s\u00e1ra \u00e9s<br \/>elfogyaszt\u00e1s\u00e1ra a kijel\u00f6lt ter\u00fcleteken van lehet\u0151s\u00e9g.<br \/>7. A j\u00e1t\u00e9kt\u00e9rben elhelyezett t\u00e1rgyakat a l\u00e1togat\u00f3k csak rendeltet\u00e9snek<br \/>megfelel\u0151en, saj\u00e1t felel\u0151ss\u00e9gre haszn\u00e1lhatj\u00e1k.<br \/>8. A nem rendeltet\u00e9sszer\u0171 haszn\u00e1latb\u00f3l ered\u0151 k\u00e1rok\u00e9rt a l\u00e1togat\u00f3 teljes<br \/>anyagi felel\u0151ss\u00e9ggel tartozik.<br \/>9. A nem rendeltet\u00e9sszer\u0171 haszn\u00e1latb\u00f3l ered\u0151 baleset\u00e9rt \u00e9s annak<br \/>k\u00f6vetkezm\u00e9nyei\u00e9rt a l\u00e1togat\u00f3 teljes fel\u0151s\u00e9ggel tartozik.<br \/>10. B\u00e1rmely dekor\u00e1ci\u00f3 megrong\u00e1l\u00e1sa, a t\u00e1rgyak eltulajdon\u00edt\u00e1sa b\u00fcntet\u0151elj\u00e1r\u00e1st<br \/>von maga ut\u00e1n.<br \/>11. A jegyet megv\u00e1lt\u00f3 tudom\u00e1sul veszi, hogy az INDOOR ter\u00fclet\u00e9n kamer\u00e1k<br \/>vannak elhelyezve, melyek r\u00f6gz\u00edtett felv\u00e9telt k\u00e9sz\u00edtenek. A kamerakezel\u00e9s felt\u00e9teleit a GDPR szab\u00e1lyozza. Az INDOOR ter\u00fclet\u00e9n k\u00e9sz\u00fclt fot\u00f3 \u00e9s vide\u00f3 anyagok a m\u0171k\u00f6dtet\u0151 tulajdon\u00e1t k\u00e9pezik. Azokat szem\u00e9lyis\u00e9gi jogok figyelembev\u00e9tel\u00e9vel szabadon felhaszn\u00e1lhatja. A l\u00e1togat\u00f3 elfogadja, hogy az \u00edgy k\u00e9sz\u00fclt felv\u00e9telekkel kapcsolatban ut\u00f3lagos anyagi k\u00f6vetel\u00e9ssel nem l\u00e9phet fel a k\u00f6zpontot \u00fczemeltet\u0151 c\u00e9g ellen.<br \/>12. A szab\u00e1lyok be nem tart\u00e1sa, valamint a nem elfogadhat\u00f3 magatart\u00e1s \u2013 durvas\u00e1g, vereked\u00e9s, kultur\u00e1latlan viselked\u00e9s \u2013 sz\u00e1nd\u00e9kos vesz\u00e9lyeztet\u00e9s, a ter\u00fcletr\u0151l val\u00f3 kiz\u00e1r\u00e1st vonja maga ut\u00e1n.<br \/>13. Az INDOOR ter\u00fclet\u00e9n fokozattan figyeljenek \u00e9rt\u00e9keikre, mert a fel\u00fcgyelet n\u00e9lk\u00fcl hagyott t\u00e1rgyak\u00e9rt \u00e9s ezekkel okozott balesetek\u00e9rt felel\u0151ss\u00e9get nem v\u00e1llalunk!<br \/>14. Az INDOOR ter\u00fclet\u00e9n a ruhat\u00e1r haszn\u00e1lata k\u00f6telez\u0151!<br \/>15. A bel\u00e9p\u0151jegyek teljes vagy r\u00e9szleges \u00f6sszeg\u00e9t a p\u00e9nzt\u00e1rt\u00f3l val\u00f3 t\u00e1voz\u00e1st<br \/>k\u00f6vet\u0151en nem \u00e1ll m\u00f3dunkban visszat\u00e9r\u00edteni.<br \/>16. Lej\u00e1rt jeggyel kapcsolatban mindig \u00edrjon email-t \u00e9s csatolja a jegyet!<br \/>Aj\u00e1nd\u00e9kjegyet 1 h\u00f3nappal hosszabb\u00edtunk meg abban az esetben, ha lej\u00e1rat el\u0151tt elk\u00fcldik a k\u00e9relmet \u00e9s a jegyet az email c\u00edm\u00fcnkre. Ha a jegy lej\u00e1rat, \u00e9s a lej\u00e1rata ut\u00e1n 1 h\u00f3napon bel\u00fcl jelzi fel\u00e9nk felhaszn\u00e1l\u00e1si sz\u00e1nd\u00e9k\u00e1t, akkor \u00fagy haszn\u00e1lhatja fel 3 h\u00f3napig, hogy az aktu\u00e1lis jegy\u00e1r fel\u00e9t kifizeti \u00e9rkez\u00e9skor. T\u00f6bb, mint 1 h\u00f3nappal lej\u00e1rt jegyet nem \u00e1ll m\u00f3dunkban meghosszabb\u00edtani.<\/p><p>\u00dcsd el az id\u0151!<\/p>\t\t\t\t\t\t\t\t<\/div>\n\t\t\t\t<div class=\"elementor-element elementor-element-20142774 elementor-align-center elementor-mobile-align-center elementor-tablet-align-center elementor-widget__width-inherit elementor-widget elementor-widget-button\" data-id=\"20142774\" data-element_type=\"widget\" data-e-type=\"widget\" data-widget_type=\"button.default\">\n\t\t\t\t\t\t\t\t\t\t<a class=\"elementor-button elementor-button-link elementor-size-md\" href=\"https:\/\/indoorbudapest.hu\/en\/indoorbudapest\/\">\n\t\t\t\t\t\t<span class=\"elementor-button-content-wrapper\">\n\t\t\t\t\t\t\t\t\t<span class=\"elementor-button-text\">vissza a f\u0151oldalra<\/span>\n\t\t\t\t\t<\/span>\n\t\t\t\t\t<\/a>\n\t\t\t\t\t\t\t\t<\/div>\n\t\t\t\t\t<\/div>\n\t\t<\/div>\n\t\t\t\t\t<\/div>\n\t\t<\/section>\n\t\t\t\t\t<\/div>\n\t\t<\/div>\n\t\t\t\t\t<\/div>\n\t\t<\/section>\n\t\t\t\t<\/div>","protected":false},"excerpt":{"rendered":"<p>\u00e1ltal\u00e1nos szerz\u0151d\u00e9ses felt\u00e9telek A sz\u00f3rakoztat\u00f3 k\u00f6zpont l\u00e1togat\u00e1sa csak a H\u00e1zirend betart\u00e1s\u00e1val t\u00f6rt\u00e9nhet!A helysz\u00edn\u00fcnk keddt\u0151l-p\u00e9ntekig 14:00-t\u0151l 22:00 \u00f3r\u00e1ig, szombat-vas\u00e1rnap: 10:00-22:00-ig tart nyitva, mely a szezonalit\u00e1s, illetve z\u00e1rtk\u00f6r\u0171 rendezv\u00e9nyek f\u00fcggv\u00e9ny\u00e9ben v\u00e1ltozhat.Az INDOOR l\u00e1togat\u00f3i a bel\u00e9p\u0151 megv\u00e1s\u00e1rl\u00e1s\u00e1val \u00e9s\/vagy a ter\u00fcletre t\u00f6rt\u00e9n\u0151 bel\u00e9p\u00e9ssel a jelen H\u00e1zirendet elfogadj\u00e1k. 1. Az INDOOR sz\u00f3rakoztat\u00f3 k\u00f6zpontot 12 \u00e9v felettiek l\u00e1togathatj\u00e1k.2. Az INDOOR k\u00f6zpontban [&hellip;]<\/p>\n","protected":false},"author":6,"featured_media":0,"parent":0,"menu_order":0,"comment_status":"closed","ping_status":"closed","template":"","meta":{"footnotes":""},"class_list":["post-5195","page","type-page","status-publish","hentry"],"yoast_head":"<!-- This site is optimized with the Yoast SEO Premium plugin v27.3 (Yoast SEO v27.3) - https:\/\/yoast.com\/product\/yoast-seo-premium-wordpress\/ -->\n<title>\u00c1SZF | INDOOR BUDAPEST<\/title>\n<meta name=\"robots\" content=\"index, follow, max-snippet:-1, max-image-preview:large, max-video-preview:-1\" \/>\n<link rel=\"canonical\" href=\"https:\/\/indoorbudapest.hu\/en\/aszf\/\" \/>\n<meta property=\"og:locale\" content=\"en_US\" \/>\n<meta property=\"og:type\" content=\"article\" \/>\n<meta property=\"og:title\" content=\"Indoor Budapest Minigolf\" \/>\n<meta property=\"og:description\" content=\"V\u00e1r Budapest legexkluz\u00edvabb minigolf centruma, ahol s\u00f6t\u00e9t termeket \u00e1tfon\u00f3 sz\u00ednes form\u00e1k k\u00f6z\u00f6tt, 3 m\u00e1gikus vil\u00e1gban, 18 lyukkal, foszforeszk\u00e1l\u00f3 labd\u00e1val \u00e9s a golf\u00fct\u0151vel \u00fctheted el az id\u0151t.\" \/>\n<meta property=\"og:url\" content=\"https:\/\/indoorbudapest.hu\/en\/aszf\/\" \/>\n<meta property=\"og:site_name\" content=\"INDOOR BUDAPEST\" \/>\n<meta property=\"article:modified_time\" content=\"2026-01-05T11:17:21+00:00\" \/>\n<meta property=\"og:image\" content=\"https:\/\/indoorbudapest.hu\/wp-content\/uploads\/2025\/09\/VRP_49281.webp\" \/>\n\t<meta property=\"og:image:width\" content=\"2560\" \/>\n\t<meta property=\"og:image:height\" content=\"1920\" \/>\n\t<meta property=\"og:image:type\" content=\"image\/webp\" \/>\n<meta name=\"twitter:card\" content=\"summary_large_image\" \/>\n<meta name=\"twitter:label1\" content=\"Est. reading time\" \/>\n\t<meta name=\"twitter:data1\" content=\"3 minutes\" \/>\n<script type=\"application\/ld+json\" class=\"yoast-schema-graph\">{\"@context\":\"https:\\\/\\\/schema.org\",\"@graph\":[{\"@type\":\"WebPage\",\"@id\":\"https:\\\/\\\/indoorbudapest.hu\\\/aszf\\\/\",\"url\":\"https:\\\/\\\/indoorbudapest.hu\\\/aszf\\\/\",\"name\":\"\u00c1SZF | INDOOR BUDAPEST\",\"isPartOf\":{\"@id\":\"https:\\\/\\\/indoorbudapest.hu\\\/#website\"},\"datePublished\":\"2024-05-03T15:55:20+00:00\",\"dateModified\":\"2026-01-05T11:17:21+00:00\",\"breadcrumb\":{\"@id\":\"https:\\\/\\\/indoorbudapest.hu\\\/aszf\\\/#breadcrumb\"},\"inLanguage\":\"en-US\",\"potentialAction\":[{\"@type\":\"ReadAction\",\"target\":[\"https:\\\/\\\/indoorbudapest.hu\\\/aszf\\\/\"]}]},{\"@type\":\"BreadcrumbList\",\"@id\":\"https:\\\/\\\/indoorbudapest.hu\\\/aszf\\\/#breadcrumb\",\"itemListElement\":[{\"@type\":\"ListItem\",\"position\":1,\"name\":\"Home\",\"item\":\"https:\\\/\\\/indoorbudapest.hu\\\/\"},{\"@type\":\"ListItem\",\"position\":2,\"name\":\"\u00c1SZF\"}]},{\"@type\":\"WebSite\",\"@id\":\"https:\\\/\\\/indoorbudapest.hu\\\/#website\",\"url\":\"https:\\\/\\\/indoorbudapest.hu\\\/\",\"name\":\"INDOOR BUDAPEST\",\"description\":\"Fun in the Dark\",\"publisher\":{\"@id\":\"https:\\\/\\\/indoorbudapest.hu\\\/#organization\"},\"potentialAction\":[{\"@type\":\"SearchAction\",\"target\":{\"@type\":\"EntryPoint\",\"urlTemplate\":\"https:\\\/\\\/indoorbudapest.hu\\\/?s={search_term_string}\"},\"query-input\":{\"@type\":\"PropertyValueSpecification\",\"valueRequired\":true,\"valueName\":\"search_term_string\"}}],\"inLanguage\":\"en-US\"},{\"@type\":\"Organization\",\"@id\":\"https:\\\/\\\/indoorbudapest.hu\\\/#organization\",\"name\":\"INDOOR Budapest\",\"url\":\"https:\\\/\\\/indoorbudapest.hu\\\/\",\"logo\":{\"@type\":\"ImageObject\",\"inLanguage\":\"en-US\",\"@id\":\"https:\\\/\\\/indoorbudapest.hu\\\/#\\\/schema\\\/logo\\\/image\\\/\",\"url\":\"https:\\\/\\\/indoorbudapest.hu\\\/wp-content\\\/uploads\\\/2019\\\/11\\\/cropped-indoorlogo-1-1.png\",\"contentUrl\":\"https:\\\/\\\/indoorbudapest.hu\\\/wp-content\\\/uploads\\\/2019\\\/11\\\/cropped-indoorlogo-1-1.png\",\"width\":3333,\"height\":1107,\"caption\":\"INDOOR Budapest\"},\"image\":{\"@id\":\"https:\\\/\\\/indoorbudapest.hu\\\/#\\\/schema\\\/logo\\\/image\\\/\"}}]}<\/script>\n<!-- \/ Yoast SEO Premium plugin. -->","yoast_head_json":{"title":"\u00c1SZF | INDOOR BUDAPEST","robots":{"index":"index","follow":"follow","max-snippet":"max-snippet:-1","max-image-preview":"max-image-preview:large","max-video-preview":"max-video-preview:-1"},"canonical":"https:\/\/indoorbudapest.hu\/en\/aszf\/","og_locale":"en_US","og_type":"article","og_title":"Indoor Budapest Minigolf","og_description":"V\u00e1r Budapest legexkluz\u00edvabb minigolf centruma, ahol s\u00f6t\u00e9t termeket \u00e1tfon\u00f3 sz\u00ednes form\u00e1k k\u00f6z\u00f6tt, 3 m\u00e1gikus vil\u00e1gban, 18 lyukkal, foszforeszk\u00e1l\u00f3 labd\u00e1val \u00e9s a golf\u00fct\u0151vel \u00fctheted el az id\u0151t.","og_url":"https:\/\/indoorbudapest.hu\/en\/aszf\/","og_site_name":"INDOOR BUDAPEST","article_modified_time":"2026-01-05T11:17:21+00:00","og_image":[{"width":2560,"height":1920,"url":"https:\/\/indoorbudapest.hu\/wp-content\/uploads\/2025\/09\/VRP_49281.webp","type":"image\/webp"}],"twitter_card":"summary_large_image","twitter_misc":{"Est. reading time":"3 minutes"},"schema":{"@context":"https:\/\/schema.org","@graph":[{"@type":"WebPage","@id":"https:\/\/indoorbudapest.hu\/aszf\/","url":"https:\/\/indoorbudapest.hu\/aszf\/","name":"\u00c1SZF | INDOOR BUDAPEST","isPartOf":{"@id":"https:\/\/indoorbudapest.hu\/#website"},"datePublished":"2024-05-03T15:55:20+00:00","dateModified":"2026-01-05T11:17:21+00:00","breadcrumb":{"@id":"https:\/\/indoorbudapest.hu\/aszf\/#breadcrumb"},"inLanguage":"en-US","potentialAction":[{"@type":"ReadAction","target":["https:\/\/indoorbudapest.hu\/aszf\/"]}]},{"@type":"BreadcrumbList","@id":"https:\/\/indoorbudapest.hu\/aszf\/#breadcrumb","itemListElement":[{"@type":"ListItem","position":1,"name":"Home","item":"https:\/\/indoorbudapest.hu\/"},{"@type":"ListItem","position":2,"name":"\u00c1SZF"}]},{"@type":"WebSite","@id":"https:\/\/indoorbudapest.hu\/#website","url":"https:\/\/indoorbudapest.hu\/","name":"INDOOR BUDAPEST","description":"Fun in the Dark","publisher":{"@id":"https:\/\/indoorbudapest.hu\/#organization"},"potentialAction":[{"@type":"SearchAction","target":{"@type":"EntryPoint","urlTemplate":"https:\/\/indoorbudapest.hu\/?s={search_term_string}"},"query-input":{"@type":"PropertyValueSpecification","valueRequired":true,"valueName":"search_term_string"}}],"inLanguage":"en-US"},{"@type":"Organization","@id":"https:\/\/indoorbudapest.hu\/#organization","name":"INDOOR Budapest","url":"https:\/\/indoorbudapest.hu\/","logo":{"@type":"ImageObject","inLanguage":"en-US","@id":"https:\/\/indoorbudapest.hu\/#\/schema\/logo\/image\/","url":"https:\/\/indoorbudapest.hu\/wp-content\/uploads\/2019\/11\/cropped-indoorlogo-1-1.png","contentUrl":"https:\/\/indoorbudapest.hu\/wp-content\/uploads\/2019\/11\/cropped-indoorlogo-1-1.png","width":3333,"height":1107,"caption":"INDOOR Budapest"},"image":{"@id":"https:\/\/indoorbudapest.hu\/#\/schema\/logo\/image\/"}}]}},"_links":{"self":[{"href":"https:\/\/indoorbudapest.hu\/en\/wp-json\/wp\/v2\/pages\/5195","targetHints":{"allow":["GET"]}}],"collection":[{"href":"https:\/\/indoorbudapest.hu\/en\/wp-json\/wp\/v2\/pages"}],"about":[{"href":"https:\/\/indoorbudapest.hu\/en\/wp-json\/wp\/v2\/types\/page"}],"author":[{"embeddable":true,"href":"https:\/\/indoorbudapest.hu\/en\/wp-json\/wp\/v2\/users\/6"}],"replies":[{"embeddable":true,"href":"https:\/\/indoorbudapest.hu\/en\/wp-json\/wp\/v2\/comments?post=5195"}],"version-history":[{"count":0,"href":"https:\/\/indoorbudapest.hu\/en\/wp-json\/wp\/v2\/pages\/5195\/revisions"}],"wp:attachment":[{"href":"https:\/\/indoorbudapest.hu\/en\/wp-json\/wp\/v2\/media?parent=5195"}],"curies":[{"name":"wp","href":"https:\/\/api.w.org\/{rel}","templated":true}]}}