{"id":4756,"date":"2024-03-11T21:04:09","date_gmt":"2024-03-11T21:04:09","guid":{"rendered":"https:\/\/indoorbudapest.hu\/?page_id=4756"},"modified":"2025-10-09T15:30:17","modified_gmt":"2025-10-09T15:30:17","slug":"valaszto-oldal","status":"publish","type":"page","link":"https:\/\/indoorbudapest.hu\/en\/","title":{"rendered":"V\u00e1laszt\u00f3 oldal"},"content":{"rendered":"<div data-elementor-type=\"wp-page\" data-elementor-id=\"4756\" class=\"elementor elementor-4756\" data-elementor-post-type=\"page\">\n\t\t\t\t\t\t<section class=\"elementor-section elementor-top-section elementor-element elementor-element-7d958eef elementor-section-height-min-height elementor-section-boxed elementor-section-height-default elementor-section-items-middle\" data-id=\"7d958eef\" data-element_type=\"section\" data-e-type=\"section\" data-settings=\"{&quot;background_background&quot;:&quot;classic&quot;}\">\n\t\t\t\t\t\t<div class=\"elementor-container elementor-column-gap-default\">\n\t\t\t\t\t<div class=\"elementor-column elementor-col-100 elementor-top-column elementor-element elementor-element-356e40fa\" data-id=\"356e40fa\" data-element_type=\"column\" data-e-type=\"column\">\n\t\t\t<div class=\"elementor-widget-wrap elementor-element-populated\">\n\t\t\t\t\t\t<div class=\"elementor-element elementor-element-685b850f elementor-widget elementor-widget-heading\" data-id=\"685b850f\" data-element_type=\"widget\" data-e-type=\"widget\" data-widget_type=\"heading.default\">\n\t\t\t\t\t<h1 class=\"elementor-heading-title elementor-size-default\">choose which location you would like to book for!<\/h1>\t\t\t\t<\/div>\n\t\t\t\t\t<\/div>\n\t\t<\/div>\n\t\t\t\t\t<\/div>\n\t\t<\/section>\n\t\t\t\t<section class=\"elementor-section elementor-top-section elementor-element elementor-element-4cfaf875 elementor-section-height-full elementor-section-items-stretch elementor-section-content-middle elementor-reverse-mobile elementor-section-boxed elementor-section-height-default\" data-id=\"4cfaf875\" data-element_type=\"section\" data-e-type=\"section\" data-settings=\"{&quot;background_background&quot;:&quot;classic&quot;,&quot;background_motion_fx_motion_fx_mouse&quot;:&quot;yes&quot;,&quot;background_motion_fx_mouseTrack_effect&quot;:&quot;yes&quot;,&quot;background_motion_fx_mouseTrack_speed&quot;:{&quot;unit&quot;:&quot;px&quot;,&quot;size&quot;:&quot;0.3&quot;,&quot;sizes&quot;:[]}}\">\n\t\t\t\t\t\t<div class=\"elementor-container elementor-column-gap-default\">\n\t\t\t\t\t<div class=\"elementor-column elementor-col-50 elementor-top-column elementor-element elementor-element-9fa0196\" data-id=\"9fa0196\" data-element_type=\"column\" data-e-type=\"column\">\n\t\t\t<div class=\"elementor-widget-wrap elementor-element-populated\">\n\t\t\t\t\t\t<div class=\"elementor-element elementor-element-57fe21d5 elementor-align-right elementor-mobile-align-center elementor-widget-mobile__width-initial elementor-widget elementor-widget-button\" data-id=\"57fe21d5\" data-element_type=\"widget\" data-e-type=\"widget\" data-widget_type=\"button.default\">\n\t\t\t\t\t\t\t\t\t\t<a class=\"elementor-button elementor-size-md\" role=\"button\">\n\t\t\t\t\t\t<span class=\"elementor-button-content-wrapper\">\n\t\t\t\t\t\t\t\t\t<span class=\"elementor-button-text\">12 +<\/span>\n\t\t\t\t\t<\/span>\n\t\t\t\t\t<\/a>\n\t\t\t\t\t\t\t\t<\/div>\n\t\t\t\t<div class=\"elementor-element elementor-element-43a4cab0 elementor-widget__width-initial elementor-widget-mobile__width-initial elementor-widget-tablet__width-initial elementor-widget elementor-widget-image\" data-id=\"43a4cab0\" data-element_type=\"widget\" data-e-type=\"widget\" data-widget_type=\"image.default\">\n\t\t\t\t\t\t\t\t\t\t\t\t\t\t\t\t<a href=\"https:\/\/indoorpirate.hu\/indoorpirate-minigolf\/\" target=\"_blank\">\n\t\t\t\t\t\t\t<img fetchpriority=\"high\" decoding=\"async\" width=\"800\" height=\"484\" src=\"https:\/\/indoorbudapest.hu\/wp-content\/uploads\/2025\/09\/INDOOR-viz-alatt_logo-vector-uj-2-1024x619.webp\" class=\"elementor-animation-pulse-grow attachment-large size-large wp-image-5663\" alt=\"\" srcset=\"https:\/\/indoorbudapest.hu\/wp-content\/uploads\/2025\/09\/INDOOR-viz-alatt_logo-vector-uj-2-1024x619.webp 1024w, https:\/\/indoorbudapest.hu\/wp-content\/uploads\/2025\/09\/INDOOR-viz-alatt_logo-vector-uj-2-700x423.webp 700w, https:\/\/indoorbudapest.hu\/wp-content\/uploads\/2025\/09\/INDOOR-viz-alatt_logo-vector-uj-2-768x464.webp 768w, https:\/\/indoorbudapest.hu\/wp-content\/uploads\/2025\/09\/INDOOR-viz-alatt_logo-vector-uj-2-1536x929.webp 1536w, https:\/\/indoorbudapest.hu\/wp-content\/uploads\/2025\/09\/INDOOR-viz-alatt_logo-vector-uj-2-2048x1238.webp 2048w, https:\/\/indoorbudapest.hu\/wp-content\/uploads\/2025\/09\/INDOOR-viz-alatt_logo-vector-uj-2-18x12.webp 18w\" sizes=\"(max-width: 800px) 100vw, 800px\" \/>\t\t\t\t\t\t\t\t<\/a>\n\t\t\t\t\t\t\t\t\t\t\t\t\t\t\t<\/div>\n\t\t\t\t\t<\/div>\n\t\t<\/div>\n\t\t\t\t<div class=\"elementor-column elementor-col-50 elementor-top-column elementor-element elementor-element-2644e3f4\" data-id=\"2644e3f4\" data-element_type=\"column\" data-e-type=\"column\">\n\t\t\t<div class=\"elementor-widget-wrap elementor-element-populated\">\n\t\t\t\t\t\t<div class=\"elementor-element elementor-element-5945c631 elementor-align-right elementor-mobile-align-center elementor-widget-mobile__width-initial elementor-widget elementor-widget-button\" data-id=\"5945c631\" data-element_type=\"widget\" data-e-type=\"widget\" data-widget_type=\"button.default\">\n\t\t\t\t\t\t\t\t\t\t<a class=\"elementor-button elementor-size-md\" role=\"button\">\n\t\t\t\t\t\t<span class=\"elementor-button-content-wrapper\">\n\t\t\t\t\t\t\t\t\t<span class=\"elementor-button-text\">12 +<\/span>\n\t\t\t\t\t<\/span>\n\t\t\t\t\t<\/a>\n\t\t\t\t\t\t\t\t<\/div>\n\t\t\t\t<div class=\"elementor-element elementor-element-53c1a259 elementor-widget__width-initial elementor-widget-tablet__width-initial elementor-widget elementor-widget-image\" data-id=\"53c1a259\" data-element_type=\"widget\" data-e-type=\"widget\" data-widget_type=\"image.default\">\n\t\t\t\t\t\t\t\t\t\t\t\t\t\t\t\t<a href=\"https:\/\/indoorbudapest.hu\/en\/indoorbudapest\/\">\n\t\t\t\t\t\t\t<img decoding=\"async\" src=\"https:\/\/indoorbudapest.hu\/wp-content\/uploads\/elementor\/thumbs\/Indoor_logo_vminigolf-1-1-scaled-rcyitn2m2z9tovfmc0eq62omh9degk8hke19akswn4.png\" title=\"Indoor_logo_vminigolf (1) (1)\" alt=\"Indoor_logo_vminigolf (1) (1)\" class=\"elementor-animation-pulse-grow\" loading=\"lazy\" \/>\t\t\t\t\t\t\t\t<\/a>\n\t\t\t\t\t\t\t\t\t\t\t\t\t\t\t<\/div>\n\t\t\t\t\t<\/div>\n\t\t<\/div>\n\t\t\t\t\t<\/div>\n\t\t<\/section>\n\t\t\t\t<\/div>","protected":false},"excerpt":{"rendered":"<p>v\u00e1laszd ki, hogy melyik helysz\u00ednre szeretn\u00e9l foglalni! 12 + 12 +<\/p>","protected":false},"author":6,"featured_media":5671,"parent":0,"menu_order":0,"comment_status":"closed","ping_status":"closed","template":"","meta":{"footnotes":""},"class_list":["post-4756","page","type-page","status-publish","has-post-thumbnail","hentry"],"yoast_head":"<!-- This site is optimized with the Yoast SEO Premium plugin v27.3 (Yoast SEO v27.3) - https:\/\/yoast.com\/product\/yoast-seo-premium-wordpress\/ -->\n<title>Indoor Budapest Minigolf<\/title>\n<meta name=\"description\" content=\"V\u00e1r Budapest legexkluz\u00edvabb minigolf centruma, ahol s\u00f6t\u00e9t termeket \u00e1tfon\u00f3 sz\u00ednes form\u00e1k k\u00f6z\u00f6tt, 3 m\u00e1gikus vil\u00e1gban, 18 lyukkal, foszforeszk\u00e1l\u00f3 labd\u00e1val \u00e9s a golf\u00fct\u0151vel \u00fctheted el az id\u0151t.\" \/>\n<meta name=\"robots\" content=\"index, follow, max-snippet:-1, max-image-preview:large, max-video-preview:-1\" \/>\n<link rel=\"canonical\" href=\"https:\/\/indoorbudapest.hu\/en\/\" \/>\n<meta property=\"og:locale\" content=\"en_US\" \/>\n<meta property=\"og:type\" content=\"article\" \/>\n<meta property=\"og:title\" content=\"Indoor Budapest Minigolf\" \/>\n<meta property=\"og:description\" content=\"V\u00e1r Budapest legexkluz\u00edvabb minigolf centruma, ahol s\u00f6t\u00e9t termeket \u00e1tfon\u00f3 sz\u00ednes form\u00e1k k\u00f6z\u00f6tt, 3 m\u00e1gikus vil\u00e1gban, 18 lyukkal, foszforeszk\u00e1l\u00f3 labd\u00e1val \u00e9s a golf\u00fct\u0151vel \u00fctheted el az id\u0151t.\" \/>\n<meta property=\"og:url\" content=\"https:\/\/indoorbudapest.hu\/en\/\" \/>\n<meta property=\"og:site_name\" content=\"INDOOR BUDAPEST\" \/>\n<meta property=\"article:modified_time\" content=\"2025-10-09T15:30:17+00:00\" \/>\n<meta property=\"og:image\" content=\"https:\/\/indoorbudapest.hu\/wp-content\/uploads\/2025\/09\/VRP_49281.webp\" \/>\n\t<meta property=\"og:image:width\" content=\"2560\" \/>\n\t<meta property=\"og:image:height\" content=\"1920\" \/>\n\t<meta property=\"og:image:type\" content=\"image\/webp\" \/>\n<meta name=\"twitter:card\" content=\"summary_large_image\" \/>\n<meta name=\"twitter:label1\" content=\"Est. reading time\" \/>\n\t<meta name=\"twitter:data1\" content=\"1 minute\" \/>\n<script type=\"application\/ld+json\" class=\"yoast-schema-graph\">{\"@context\":\"https:\\\/\\\/schema.org\",\"@graph\":[{\"@type\":\"WebPage\",\"@id\":\"https:\\\/\\\/indoorbudapest.hu\\\/\",\"url\":\"https:\\\/\\\/indoorbudapest.hu\\\/\",\"name\":\"Indoor Budapest Minigolf\",\"isPartOf\":{\"@id\":\"https:\\\/\\\/indoorbudapest.hu\\\/#website\"},\"primaryImageOfPage\":{\"@id\":\"https:\\\/\\\/indoorbudapest.hu\\\/#primaryimage\"},\"image\":{\"@id\":\"https:\\\/\\\/indoorbudapest.hu\\\/#primaryimage\"},\"thumbnailUrl\":\"https:\\\/\\\/indoorbudapest.hu\\\/wp-content\\\/uploads\\\/2025\\\/09\\\/VRP_49281.webp\",\"datePublished\":\"2024-03-11T21:04:09+00:00\",\"dateModified\":\"2025-10-09T15:30:17+00:00\",\"description\":\"V\u00e1r Budapest legexkluz\u00edvabb minigolf centruma, ahol s\u00f6t\u00e9t termeket \u00e1tfon\u00f3 sz\u00ednes form\u00e1k k\u00f6z\u00f6tt, 3 m\u00e1gikus vil\u00e1gban, 18 lyukkal, foszforeszk\u00e1l\u00f3 labd\u00e1val \u00e9s a golf\u00fct\u0151vel \u00fctheted el az id\u0151t.\",\"breadcrumb\":{\"@id\":\"https:\\\/\\\/indoorbudapest.hu\\\/#breadcrumb\"},\"inLanguage\":\"en-US\",\"potentialAction\":[{\"@type\":\"ReadAction\",\"target\":[\"https:\\\/\\\/indoorbudapest.hu\\\/\"]}]},{\"@type\":\"ImageObject\",\"inLanguage\":\"en-US\",\"@id\":\"https:\\\/\\\/indoorbudapest.hu\\\/#primaryimage\",\"url\":\"https:\\\/\\\/indoorbudapest.hu\\\/wp-content\\\/uploads\\\/2025\\\/09\\\/VRP_49281.webp\",\"contentUrl\":\"https:\\\/\\\/indoorbudapest.hu\\\/wp-content\\\/uploads\\\/2025\\\/09\\\/VRP_49281.webp\",\"width\":2560,\"height\":1920},{\"@type\":\"BreadcrumbList\",\"@id\":\"https:\\\/\\\/indoorbudapest.hu\\\/#breadcrumb\",\"itemListElement\":[{\"@type\":\"ListItem\",\"position\":1,\"name\":\"Home\",\"item\":\"https:\\\/\\\/indoorbudapest.hu\\\/\"},{\"@type\":\"ListItem\",\"position\":2,\"name\":\"V\u00e1laszt\u00f3 oldal\"}]},{\"@type\":\"WebSite\",\"@id\":\"https:\\\/\\\/indoorbudapest.hu\\\/#website\",\"url\":\"https:\\\/\\\/indoorbudapest.hu\\\/\",\"name\":\"INDOOR BUDAPEST\",\"description\":\"Fun in the Dark\",\"publisher\":{\"@id\":\"https:\\\/\\\/indoorbudapest.hu\\\/#organization\"},\"potentialAction\":[{\"@type\":\"SearchAction\",\"target\":{\"@type\":\"EntryPoint\",\"urlTemplate\":\"https:\\\/\\\/indoorbudapest.hu\\\/?s={search_term_string}\"},\"query-input\":{\"@type\":\"PropertyValueSpecification\",\"valueRequired\":true,\"valueName\":\"search_term_string\"}}],\"inLanguage\":\"en-US\"},{\"@type\":\"Organization\",\"@id\":\"https:\\\/\\\/indoorbudapest.hu\\\/#organization\",\"name\":\"INDOOR Budapest\",\"url\":\"https:\\\/\\\/indoorbudapest.hu\\\/\",\"logo\":{\"@type\":\"ImageObject\",\"inLanguage\":\"en-US\",\"@id\":\"https:\\\/\\\/indoorbudapest.hu\\\/#\\\/schema\\\/logo\\\/image\\\/\",\"url\":\"https:\\\/\\\/indoorbudapest.hu\\\/wp-content\\\/uploads\\\/2019\\\/11\\\/cropped-indoorlogo-1-1.png\",\"contentUrl\":\"https:\\\/\\\/indoorbudapest.hu\\\/wp-content\\\/uploads\\\/2019\\\/11\\\/cropped-indoorlogo-1-1.png\",\"width\":3333,\"height\":1107,\"caption\":\"INDOOR Budapest\"},\"image\":{\"@id\":\"https:\\\/\\\/indoorbudapest.hu\\\/#\\\/schema\\\/logo\\\/image\\\/\"}}]}<\/script>\n<!-- \/ Yoast SEO Premium plugin. -->","yoast_head_json":{"title":"Indoor Budapest Minigolf","description":"V\u00e1r Budapest legexkluz\u00edvabb minigolf centruma, ahol s\u00f6t\u00e9t termeket \u00e1tfon\u00f3 sz\u00ednes form\u00e1k k\u00f6z\u00f6tt, 3 m\u00e1gikus vil\u00e1gban, 18 lyukkal, foszforeszk\u00e1l\u00f3 labd\u00e1val \u00e9s a golf\u00fct\u0151vel \u00fctheted el az id\u0151t.","robots":{"index":"index","follow":"follow","max-snippet":"max-snippet:-1","max-image-preview":"max-image-preview:large","max-video-preview":"max-video-preview:-1"},"canonical":"https:\/\/indoorbudapest.hu\/en\/","og_locale":"en_US","og_type":"article","og_title":"Indoor Budapest Minigolf","og_description":"V\u00e1r Budapest legexkluz\u00edvabb minigolf centruma, ahol s\u00f6t\u00e9t termeket \u00e1tfon\u00f3 sz\u00ednes form\u00e1k k\u00f6z\u00f6tt, 3 m\u00e1gikus vil\u00e1gban, 18 lyukkal, foszforeszk\u00e1l\u00f3 labd\u00e1val \u00e9s a golf\u00fct\u0151vel \u00fctheted el az id\u0151t.","og_url":"https:\/\/indoorbudapest.hu\/en\/","og_site_name":"INDOOR BUDAPEST","article_modified_time":"2025-10-09T15:30:17+00:00","og_image":[{"width":2560,"height":1920,"url":"https:\/\/indoorbudapest.hu\/wp-content\/uploads\/2025\/09\/VRP_49281.webp","type":"image\/webp"}],"twitter_card":"summary_large_image","twitter_misc":{"Est. reading time":"1 minute"},"schema":{"@context":"https:\/\/schema.org","@graph":[{"@type":"WebPage","@id":"https:\/\/indoorbudapest.hu\/","url":"https:\/\/indoorbudapest.hu\/","name":"Indoor Budapest Minigolf","isPartOf":{"@id":"https:\/\/indoorbudapest.hu\/#website"},"primaryImageOfPage":{"@id":"https:\/\/indoorbudapest.hu\/#primaryimage"},"image":{"@id":"https:\/\/indoorbudapest.hu\/#primaryimage"},"thumbnailUrl":"https:\/\/indoorbudapest.hu\/wp-content\/uploads\/2025\/09\/VRP_49281.webp","datePublished":"2024-03-11T21:04:09+00:00","dateModified":"2025-10-09T15:30:17+00:00","description":"V\u00e1r Budapest legexkluz\u00edvabb minigolf centruma, ahol s\u00f6t\u00e9t termeket \u00e1tfon\u00f3 sz\u00ednes form\u00e1k k\u00f6z\u00f6tt, 3 m\u00e1gikus vil\u00e1gban, 18 lyukkal, foszforeszk\u00e1l\u00f3 labd\u00e1val \u00e9s a golf\u00fct\u0151vel \u00fctheted el az id\u0151t.","breadcrumb":{"@id":"https:\/\/indoorbudapest.hu\/#breadcrumb"},"inLanguage":"en-US","potentialAction":[{"@type":"ReadAction","target":["https:\/\/indoorbudapest.hu\/"]}]},{"@type":"ImageObject","inLanguage":"en-US","@id":"https:\/\/indoorbudapest.hu\/#primaryimage","url":"https:\/\/indoorbudapest.hu\/wp-content\/uploads\/2025\/09\/VRP_49281.webp","contentUrl":"https:\/\/indoorbudapest.hu\/wp-content\/uploads\/2025\/09\/VRP_49281.webp","width":2560,"height":1920},{"@type":"BreadcrumbList","@id":"https:\/\/indoorbudapest.hu\/#breadcrumb","itemListElement":[{"@type":"ListItem","position":1,"name":"Home","item":"https:\/\/indoorbudapest.hu\/"},{"@type":"ListItem","position":2,"name":"V\u00e1laszt\u00f3 oldal"}]},{"@type":"WebSite","@id":"https:\/\/indoorbudapest.hu\/#website","url":"https:\/\/indoorbudapest.hu\/","name":"INDOOR BUDAPEST","description":"Fun in the Dark","publisher":{"@id":"https:\/\/indoorbudapest.hu\/#organization"},"potentialAction":[{"@type":"SearchAction","target":{"@type":"EntryPoint","urlTemplate":"https:\/\/indoorbudapest.hu\/?s={search_term_string}"},"query-input":{"@type":"PropertyValueSpecification","valueRequired":true,"valueName":"search_term_string"}}],"inLanguage":"en-US"},{"@type":"Organization","@id":"https:\/\/indoorbudapest.hu\/#organization","name":"INDOOR Budapest","url":"https:\/\/indoorbudapest.hu\/","logo":{"@type":"ImageObject","inLanguage":"en-US","@id":"https:\/\/indoorbudapest.hu\/#\/schema\/logo\/image\/","url":"https:\/\/indoorbudapest.hu\/wp-content\/uploads\/2019\/11\/cropped-indoorlogo-1-1.png","contentUrl":"https:\/\/indoorbudapest.hu\/wp-content\/uploads\/2019\/11\/cropped-indoorlogo-1-1.png","width":3333,"height":1107,"caption":"INDOOR Budapest"},"image":{"@id":"https:\/\/indoorbudapest.hu\/#\/schema\/logo\/image\/"}}]}},"_links":{"self":[{"href":"https:\/\/indoorbudapest.hu\/en\/wp-json\/wp\/v2\/pages\/4756","targetHints":{"allow":["GET"]}}],"collection":[{"href":"https:\/\/indoorbudapest.hu\/en\/wp-json\/wp\/v2\/pages"}],"about":[{"href":"https:\/\/indoorbudapest.hu\/en\/wp-json\/wp\/v2\/types\/page"}],"author":[{"embeddable":true,"href":"https:\/\/indoorbudapest.hu\/en\/wp-json\/wp\/v2\/users\/6"}],"replies":[{"embeddable":true,"href":"https:\/\/indoorbudapest.hu\/en\/wp-json\/wp\/v2\/comments?post=4756"}],"version-history":[{"count":0,"href":"https:\/\/indoorbudapest.hu\/en\/wp-json\/wp\/v2\/pages\/4756\/revisions"}],"wp:featuredmedia":[{"embeddable":true,"href":"https:\/\/indoorbudapest.hu\/en\/wp-json\/wp\/v2\/media\/5671"}],"wp:attachment":[{"href":"https:\/\/indoorbudapest.hu\/en\/wp-json\/wp\/v2\/media?parent=4756"}],"curies":[{"name":"wp","href":"https:\/\/api.w.org\/{rel}","templated":true}]}}